{"id":2,"date":"2013-09-29T07:05:25","date_gmt":"2013-09-29T07:05:25","guid":{"rendered":"http:\/\/gourmetkitchen.de\/?page_id=2"},"modified":"2023-09-04T10:55:45","modified_gmt":"2023-09-04T10:55:45","slug":"sample-page","status":"publish","type":"page","link":"http:\/\/gourmetkitchen.de\/en\/","title":{"rendered":"Eine K\u00fcche, in der gekocht wird"},"content":{"rendered":"<p><!--:de-->Als ich vor einigen Jahren (Update 2023 &#8211; vor 26 Jahren) nach Phoenix, Arizona, umzog und dort ein Haus suchte, habe ich etwas interessantes gelernt: Es gibt H\u00e4user mit K\u00fcchen, und H\u00e4user mit Gourmetk\u00fcchen (&#8220;gourmet kitchen&#8221;). In einer Gourmetk\u00fcche kann ich nicht nur Fast Food aufw\u00e4rmen, sondern kochen. Ich habe mich f\u00fcr ein Haus mit Gourmetk\u00fcche entscheiden. Das macht mich anscheinend zu einem Gourmetkoch!<\/p>\n<p>Die Rezepte, die ich hier ver\u00f6ffentliche, sind einfach und verwenden Zutaten, die man bevorraten kann. Ich kaufe nicht gerne f\u00fcr Rezepte ein, und es gibt viele bessere Rezeptseiten f\u00fcr so etwas. Update 2023 &#8211; die Rezepte sind alle uralt!<!--:--><!--:en--><!--:--><\/p>","protected":false},"excerpt":{"rendered":"<p>Als ich vor einigen Jahren (Update 2023 &#8211; vor 26 Jahren) nach Phoenix, Arizona, umzog und dort ein Haus suchte, habe ich etwas interessantes gelernt: Es gibt H\u00e4user mit K\u00fcchen, und H\u00e4user mit Gourmetk\u00fcchen (&#8220;gourmet kitchen&#8221;). In einer Gourmetk\u00fcche kann ich nicht nur Fast Food aufw\u00e4rmen, sondern kochen. Ich habe mich f\u00fcr ein Haus mit &hellip; <a href=\"http:\/\/gourmetkitchen.de\/en\/\" class=\"more-link\">Continue reading <span class=\"screen-reader-text\">Eine K\u00fcche, in der gekocht wird<\/span> <span class=\"meta-nav\">&rarr;<\/span><\/a><\/p>","protected":false},"author":1,"featured_media":0,"parent":0,"menu_order":0,"comment_status":"closed","ping_status":"open","template":"","meta":{"footnotes":""},"class_list":["post-2","page","type-page","status-publish","hentry"],"_links":{"self":[{"href":"http:\/\/gourmetkitchen.de\/en\/wp-json\/wp\/v2\/pages\/2","targetHints":{"allow":["GET"]}}],"collection":[{"href":"http:\/\/gourmetkitchen.de\/en\/wp-json\/wp\/v2\/pages"}],"about":[{"href":"http:\/\/gourmetkitchen.de\/en\/wp-json\/wp\/v2\/types\/page"}],"author":[{"embeddable":true,"href":"http:\/\/gourmetkitchen.de\/en\/wp-json\/wp\/v2\/users\/1"}],"replies":[{"embeddable":true,"href":"http:\/\/gourmetkitchen.de\/en\/wp-json\/wp\/v2\/comments?post=2"}],"version-history":[{"count":5,"href":"http:\/\/gourmetkitchen.de\/en\/wp-json\/wp\/v2\/pages\/2\/revisions"}],"predecessor-version":[{"id":196,"href":"http:\/\/gourmetkitchen.de\/en\/wp-json\/wp\/v2\/pages\/2\/revisions\/196"}],"wp:attachment":[{"href":"http:\/\/gourmetkitchen.de\/en\/wp-json\/wp\/v2\/media?parent=2"}],"curies":[{"name":"wp","href":"https:\/\/api.w.org\/{rel}","templated":true}]}}